{"id":9,"date":"2023-05-05T09:10:46","date_gmt":"2023-05-05T09:10:46","guid":{"rendered":"https:\/\/dev-bashir.justdo-it.at\/?page_id=9"},"modified":"2026-05-02T10:19:43","modified_gmt":"2026-05-02T10:19:43","slug":"pizzeria-restaurant-al-bashir-kg","status":"publish","type":"page","link":"https:\/\/bashir.at\/","title":{"rendered":"Pizzeria-Restaurant AL Bashir KG"},"content":{"rendered":"\t\t<div data-elementor-type=\"wp-page\" data-elementor-id=\"9\" class=\"elementor elementor-9\" data-elementor-post-type=\"page\">\n\t\t\t\t\t\t<section data-particle_enable=\"false\" data-particle-mobile-disabled=\"false\" class=\"elementor-section elementor-top-section elementor-element elementor-element-e0fb284 elementor-section-full_width elementor-section-height-min-height elementor-section-content-middle elementor-section-height-default elementor-section-items-middle\" data-id=\"e0fb284\" data-element_type=\"section\" data-e-type=\"section\" data-settings=\"{&quot;background_background&quot;:&quot;slideshow&quot;,&quot;background_slideshow_gallery&quot;:[{&quot;id&quot;:294,&quot;url&quot;:&quot;https:\\\/\\\/bashir.at\\\/wp-content\\\/uploads\\\/2023\\\/05\\\/Innenansicht3-scaled.jpg&quot;},{&quot;id&quot;:70,&quot;url&quot;:&quot;https:\\\/\\\/bashir.at\\\/wp-content\\\/uploads\\\/2023\\\/05\\\/IMG_2321-scaled.jpg&quot;},{&quot;id&quot;:1176,&quot;url&quot;:&quot;https:\\\/\\\/bashir.at\\\/wp-content\\\/uploads\\\/2023\\\/05\\\/59-3-scaled.jpg&quot;},{&quot;id&quot;:1177,&quot;url&quot;:&quot;https:\\\/\\\/bashir.at\\\/wp-content\\\/uploads\\\/2023\\\/05\\\/2-6-scaled.jpg&quot;}],&quot;background_slideshow_ken_burns&quot;:&quot;yes&quot;,&quot;shape_divider_bottom&quot;:&quot;waves&quot;,&quot;background_slideshow_loop&quot;:&quot;yes&quot;,&quot;background_slideshow_slide_duration&quot;:5000,&quot;background_slideshow_slide_transition&quot;:&quot;fade&quot;,&quot;background_slideshow_transition_duration&quot;:500,&quot;background_slideshow_ken_burns_zoom_direction&quot;:&quot;in&quot;}\">\n\t\t\t\t\t\t\t<div class=\"elementor-background-overlay\"><\/div>\n\t\t\t\t\t\t<div class=\"elementor-shape elementor-shape-bottom\" aria-hidden=\"true\" data-negative=\"false\">\n\t\t\t<svg xmlns=\"http:\/\/www.w3.org\/2000\/svg\" viewBox=\"0 0 1000 100\" preserveAspectRatio=\"none\">\n\t<path class=\"elementor-shape-fill\" d=\"M421.9,6.5c22.6-2.5,51.5,0.4,75.5,5.3c23.6,4.9,70.9,23.5,100.5,35.7c75.8,32.2,133.7,44.5,192.6,49.7\n\tc23.6,2.1,48.7,3.5,103.4-2.5c54.7-6,106.2-25.6,106.2-25.6V0H0v30.3c0,0,72,32.6,158.4,30.5c39.2-0.7,92.8-6.7,134-22.4\n\tc21.2-8.1,52.2-18.2,79.7-24.2C399.3,7.9,411.6,7.5,421.9,6.5z\"\/>\n<\/svg>\t\t<\/div>\n\t\t\t\t\t<div class=\"elementor-container elementor-column-gap-default\">\n\t\t\t\t\t<div class=\"elementor-column elementor-col-100 elementor-top-column elementor-element elementor-element-18420aa\" data-id=\"18420aa\" data-element_type=\"column\" data-e-type=\"column\" data-settings=\"{&quot;background_background&quot;:&quot;classic&quot;}\">\n\t\t\t<div class=\"elementor-widget-wrap elementor-element-populated\">\n\t\t\t\t\t\t<div class=\"elementor-element elementor-element-f68e8e9 elementor-invisible elementor-widget elementor-widget-heading\" data-id=\"f68e8e9\" data-element_type=\"widget\" data-e-type=\"widget\" data-settings=\"{&quot;_animation&quot;:&quot;zoomIn&quot;}\" data-widget_type=\"heading.default\">\n\t\t\t\t<div class=\"elementor-widget-container\">\n\t\t\t\t\t<h2 class=\"elementor-heading-title elementor-size-default\">Herzlich Willkommen bei Familie Warraich<\/h2>\t\t\t\t<\/div>\n\t\t\t\t<\/div>\n\t\t\t\t<div class=\"elementor-element elementor-element-d5cff91 animated-slow elementor-invisible elementor-widget elementor-widget-heading\" data-id=\"d5cff91\" data-element_type=\"widget\" data-e-type=\"widget\" data-settings=\"{&quot;_animation&quot;:&quot;zoomIn&quot;}\" data-widget_type=\"heading.default\">\n\t\t\t\t<div class=\"elementor-widget-container\">\n\t\t\t\t\t<h2 class=\"elementor-heading-title elementor-size-default\">Gastronomie &amp; Appartements<\/h2>\t\t\t\t<\/div>\n\t\t\t\t<\/div>\n\t\t\t\t\t<\/div>\n\t\t<\/div>\n\t\t\t\t\t<\/div>\n\t\t<\/section>\n\t\t\t\t<section data-particle_enable=\"false\" data-particle-mobile-disabled=\"false\" class=\"elementor-section elementor-top-section elementor-element elementor-element-918494d elementor-section-boxed elementor-section-height-default elementor-section-height-default\" data-id=\"918494d\" data-element_type=\"section\" data-e-type=\"section\">\n\t\t\t\t\t\t<div class=\"elementor-container elementor-column-gap-default\">\n\t\t\t\t\t<div class=\"elementor-column elementor-col-100 elementor-top-column elementor-element elementor-element-70c51a6\" data-id=\"70c51a6\" data-element_type=\"column\" data-e-type=\"column\">\n\t\t\t<div class=\"elementor-widget-wrap elementor-element-populated\">\n\t\t\t\t\t\t<div class=\"elementor-element elementor-element-46e4171 elementor-widget elementor-widget-heading\" data-id=\"46e4171\" data-element_type=\"widget\" data-e-type=\"widget\" data-widget_type=\"heading.default\">\n\t\t\t\t<div class=\"elementor-widget-container\">\n\t\t\t\t\t<h2 class=\"elementor-heading-title elementor-size-default\">Speisen f\u00fcr h\u00f6chste Anspr\u00fcche an Qualit\u00e4t und Genuss<\/h2>\t\t\t\t<\/div>\n\t\t\t\t<\/div>\n\t\t\t\t<div class=\"elementor-element elementor-element-5540e62 elementor-widget elementor-widget-text-editor\" data-id=\"5540e62\" data-element_type=\"widget\" data-e-type=\"widget\" data-widget_type=\"text-editor.default\">\n\t\t\t\t<div class=\"elementor-widget-container\">\n\t\t\t\t\t\t\t\t\t<p>T\u00e4glich frische, geschmackvolle Speisen und schnelle K\u00fcche.<\/p>\t\t\t\t\t\t\t\t<\/div>\n\t\t\t\t<\/div>\n\t\t\t\t<div class=\"elementor-element elementor-element-d8c4112 elementor-widget elementor-widget-text-editor\" data-id=\"d8c4112\" data-element_type=\"widget\" data-e-type=\"widget\" data-widget_type=\"text-editor.default\">\n\t\t\t\t<div class=\"elementor-widget-container\">\n\t\t\t\t\t\t\t\t\t<p>Im Zentrum von Schladming und weniger als 5 Gehminuten von der Planai Talstation entfernt, befindet sich unsere Pizzeria-Restaurant AL Bashir KG mitten im Geschehen. Mit unserer <strong>Pakistani-Indisch-Italienischen K\u00fcche<\/strong> bieten wir eine gro\u00dfe Anzahl an diversen Speisen und Getr\u00e4nken an.<\/p><p>Unser spezielles Service ist, dass wir einen <strong>Liefer- und Abholservice<\/strong> anbieten. Du kannst entweder \u00fcber unseren <strong><a href=\"https:\/\/lieferservice.bashir.at\/storedata\/listStore\" target=\"_blank\" rel=\"noopener\">Online-Shop<\/a><\/strong>, \u00fcber Lieferando oder telefonisch deine Bestellung aufgeben und wir k\u00f6nnen dann in den Orten Schladming-Rohrmoos-Pichl, Ramsau am Dachstein, Haus im Ennstal und gegebenenfalls zum Gr\u00f6bminger Land je nach Lieferkosten und der Mindestbestellmenge die Bestellung bringen oder du kannst deine Bestellung aufgeben und diese dann selber abholen. Die Lieferkosten und die Mindestbestellmenge h\u00e4ngen von der Entfernung ab.<\/p>\t\t\t\t\t\t\t\t<\/div>\n\t\t\t\t<\/div>\n\t\t\t\t<div class=\"elementor-element elementor-element-94c1d1f elementor-widget elementor-widget-heading\" data-id=\"94c1d1f\" data-element_type=\"widget\" data-e-type=\"widget\" data-widget_type=\"heading.default\">\n\t\t\t\t<div class=\"elementor-widget-container\">\n\t\t\t\t\t<h2 class=\"elementor-heading-title elementor-size-default\">Wir freuen uns auf deinen Besuch.<\/h2>\t\t\t\t<\/div>\n\t\t\t\t<\/div>\n\t\t\t\t\t<\/div>\n\t\t<\/div>\n\t\t\t\t\t<\/div>\n\t\t<\/section>\n\t\t\t\t<section data-particle_enable=\"false\" data-particle-mobile-disabled=\"false\" class=\"elementor-section elementor-top-section elementor-element elementor-element-4c9df59 elementor-section-boxed elementor-section-height-default elementor-section-height-default\" data-id=\"4c9df59\" data-element_type=\"section\" data-e-type=\"section\">\n\t\t\t\t\t\t<div class=\"elementor-container elementor-column-gap-default\">\n\t\t\t\t\t<div class=\"elementor-column elementor-col-100 elementor-top-column elementor-element elementor-element-5640e24\" data-id=\"5640e24\" data-element_type=\"column\" data-e-type=\"column\">\n\t\t\t<div class=\"elementor-widget-wrap elementor-element-populated\">\n\t\t\t\t\t\t<div class=\"elementor-element elementor-element-c13048b elementor-align-center elementor-widget__width-auto elementor-invisible elementor-widget elementor-widget-button\" data-id=\"c13048b\" data-element_type=\"widget\" data-e-type=\"widget\" data-settings=\"{&quot;_animation&quot;:&quot;fadeInRight&quot;}\" data-widget_type=\"button.default\">\n\t\t\t\t<div class=\"elementor-widget-container\">\n\t\t\t\t\t\t\t\t\t<div class=\"elementor-button-wrapper\">\n\t\t\t\t\t<a class=\"elementor-button elementor-button-link elementor-size-sm elementor-animation-grow\" href=\"https:\/\/bashir.at\/wp-content\/uploads\/2026\/01\/Speisekarte-DE-2025-26.pdf\" target=\"_blank\">\n\t\t\t\t\t\t<span class=\"elementor-button-content-wrapper\">\n\t\t\t\t\t\t\t\t\t<span class=\"elementor-button-text\">Speisekarte Deutsch<\/span>\n\t\t\t\t\t<\/span>\n\t\t\t\t\t<\/a>\n\t\t\t\t<\/div>\n\t\t\t\t\t\t\t\t<\/div>\n\t\t\t\t<\/div>\n\t\t\t\t<div class=\"elementor-element elementor-element-8191e27 elementor-align-center elementor-widget__width-auto elementor-mobile-align-left elementor-invisible elementor-widget elementor-widget-button\" data-id=\"8191e27\" data-element_type=\"widget\" data-e-type=\"widget\" data-settings=\"{&quot;_animation&quot;:&quot;fadeInRight&quot;}\" data-widget_type=\"button.default\">\n\t\t\t\t<div class=\"elementor-widget-container\">\n\t\t\t\t\t\t\t\t\t<div class=\"elementor-button-wrapper\">\n\t\t\t\t\t<a class=\"elementor-button elementor-button-link elementor-size-sm elementor-animation-grow\" href=\"https:\/\/bashir.at\/wp-content\/uploads\/2026\/01\/Speisekarte-EN-2025-26.pdf\" target=\"_blank\">\n\t\t\t\t\t\t<span class=\"elementor-button-content-wrapper\">\n\t\t\t\t\t\t\t\t\t<span class=\"elementor-button-text\">Speisekarte English<\/span>\n\t\t\t\t\t<\/span>\n\t\t\t\t\t<\/a>\n\t\t\t\t<\/div>\n\t\t\t\t\t\t\t\t<\/div>\n\t\t\t\t<\/div>\n\t\t\t\t<div class=\"elementor-element elementor-element-fdaf747 elementor-align-center elementor-widget__width-auto elementor-invisible elementor-widget elementor-widget-button\" data-id=\"fdaf747\" data-element_type=\"widget\" data-e-type=\"widget\" data-settings=\"{&quot;_animation&quot;:&quot;fadeInRight&quot;}\" data-widget_type=\"button.default\">\n\t\t\t\t<div class=\"elementor-widget-container\">\n\t\t\t\t\t\t\t\t\t<div class=\"elementor-button-wrapper\">\n\t\t\t\t\t<a class=\"elementor-button elementor-button-link elementor-size-sm elementor-animation-grow\" href=\"https:\/\/lieferservice.bashir.at\/storedata\/listStore\" target=\"_blank\">\n\t\t\t\t\t\t<span class=\"elementor-button-content-wrapper\">\n\t\t\t\t\t\t\t\t\t<span class=\"elementor-button-text\">Online Bestellen<\/span>\n\t\t\t\t\t<\/span>\n\t\t\t\t\t<\/a>\n\t\t\t\t<\/div>\n\t\t\t\t\t\t\t\t<\/div>\n\t\t\t\t<\/div>\n\t\t\t\t\t<\/div>\n\t\t<\/div>\n\t\t\t\t\t<\/div>\n\t\t<\/section>\n\t\t\t\t<section data-particle_enable=\"false\" data-particle-mobile-disabled=\"false\" class=\"elementor-section elementor-top-section elementor-element elementor-element-35b9fed elementor-section-height-min-height elementor-section-boxed elementor-section-height-default elementor-section-items-middle\" data-id=\"35b9fed\" data-element_type=\"section\" data-e-type=\"section\" data-settings=\"{&quot;background_background&quot;:&quot;classic&quot;,&quot;shape_divider_top&quot;:&quot;waves&quot;}\">\n\t\t\t\t\t<div class=\"elementor-shape elementor-shape-top\" aria-hidden=\"true\" data-negative=\"false\">\n\t\t\t<svg xmlns=\"http:\/\/www.w3.org\/2000\/svg\" viewBox=\"0 0 1000 100\" preserveAspectRatio=\"none\">\n\t<path class=\"elementor-shape-fill\" d=\"M421.9,6.5c22.6-2.5,51.5,0.4,75.5,5.3c23.6,4.9,70.9,23.5,100.5,35.7c75.8,32.2,133.7,44.5,192.6,49.7\n\tc23.6,2.1,48.7,3.5,103.4-2.5c54.7-6,106.2-25.6,106.2-25.6V0H0v30.3c0,0,72,32.6,158.4,30.5c39.2-0.7,92.8-6.7,134-22.4\n\tc21.2-8.1,52.2-18.2,79.7-24.2C399.3,7.9,411.6,7.5,421.9,6.5z\"\/>\n<\/svg>\t\t<\/div>\n\t\t\t\t\t<div class=\"elementor-container elementor-column-gap-default\">\n\t\t\t\t\t<div class=\"elementor-column elementor-col-100 elementor-top-column elementor-element elementor-element-2cbaefb\" data-id=\"2cbaefb\" data-element_type=\"column\" data-e-type=\"column\">\n\t\t\t<div class=\"elementor-widget-wrap\">\n\t\t\t\t\t\t\t<\/div>\n\t\t<\/div>\n\t\t\t\t\t<\/div>\n\t\t<\/section>\n\t\t\t\t<section data-particle_enable=\"false\" data-particle-mobile-disabled=\"false\" class=\"elementor-section elementor-top-section elementor-element elementor-element-cc43029 elementor-section-boxed elementor-section-height-default elementor-section-height-default\" data-id=\"cc43029\" data-element_type=\"section\" data-e-type=\"section\">\n\t\t\t\t\t\t<div class=\"elementor-container elementor-column-gap-default\">\n\t\t\t\t\t<div class=\"elementor-column elementor-col-100 elementor-top-column elementor-element elementor-element-898f493\" data-id=\"898f493\" data-element_type=\"column\" data-e-type=\"column\">\n\t\t\t<div class=\"elementor-widget-wrap elementor-element-populated\">\n\t\t\t\t\t\t<div class=\"elementor-element elementor-element-cbbe055 elementor-widget elementor-widget-heading\" data-id=\"cbbe055\" data-element_type=\"widget\" data-e-type=\"widget\" data-widget_type=\"heading.default\">\n\t\t\t\t<div class=\"elementor-widget-container\">\n\t\t\t\t\t<h2 class=\"elementor-heading-title elementor-size-default\">Unsere Appartements<\/h2>\t\t\t\t<\/div>\n\t\t\t\t<\/div>\n\t\t\t\t<div class=\"elementor-element elementor-element-8f83f0e elementor-widget elementor-widget-text-editor\" data-id=\"8f83f0e\" data-element_type=\"widget\" data-e-type=\"widget\" data-widget_type=\"text-editor.default\">\n\t\t\t\t<div class=\"elementor-widget-container\">\n\t\t\t\t\t\t\t\t\t<p>Mit 3 Standorten jeweils in einer zentralen Lage im Ort Schladming verf\u00fcgen wir \u00fcber insgesamt 7 Appartements \u2013 jedes Appartement mit einzigartigem und komfortablem Design. Aufgrund der unterschiedlichen Belegungen ist f\u00fcr jeden was passendes dabei \u2013 von Einzelpersonen und P\u00e4rchen, hinweg zu Kleinfamilien und Gruppen bis maximal 12 Personen. Genie\u00dfe deinen Winterurlaub inmitten der 4 Berge-Ski-Schaukel und erlebe im Sommer anhand der Sommercard eine gro\u00dfe Anzahl von Attraktionen entweder gratis oder zu einem g\u00fcnstigeren Preis.<\/p>\t\t\t\t\t\t\t\t<\/div>\n\t\t\t\t<\/div>\n\t\t\t\t<div class=\"elementor-element elementor-element-a033972 elementor-align-left elementor-widget__width-auto elementor-invisible elementor-widget elementor-widget-button\" data-id=\"a033972\" data-element_type=\"widget\" data-e-type=\"widget\" data-settings=\"{&quot;_animation&quot;:&quot;fadeInLeft&quot;}\" data-widget_type=\"button.default\">\n\t\t\t\t<div class=\"elementor-widget-container\">\n\t\t\t\t\t\t\t\t\t<div class=\"elementor-button-wrapper\">\n\t\t\t\t\t<a class=\"elementor-button elementor-button-link elementor-size-sm elementor-animation-grow\" href=\"https:\/\/bashir.at\/?page_id=19\">\n\t\t\t\t\t\t<span class=\"elementor-button-content-wrapper\">\n\t\t\t\t\t\t\t\t\t<span class=\"elementor-button-text\">Mehr Erfahren<\/span>\n\t\t\t\t\t<\/span>\n\t\t\t\t\t<\/a>\n\t\t\t\t<\/div>\n\t\t\t\t\t\t\t\t<\/div>\n\t\t\t\t<\/div>\n\t\t\t\t<div class=\"elementor-element elementor-element-b880ac8 elementor-widget__width-auto elementor-align-center elementor-invisible elementor-widget elementor-widget-button\" data-id=\"b880ac8\" data-element_type=\"widget\" data-e-type=\"widget\" data-settings=\"{&quot;_animation&quot;:&quot;fadeInLeft&quot;}\" data-widget_type=\"button.default\">\n\t\t\t\t<div class=\"elementor-widget-container\">\n\t\t\t\t\t\t\t\t\t<div class=\"elementor-button-wrapper\">\n\t\t\t\t\t<a class=\"elementor-button elementor-button-link elementor-size-sm elementor-animation-grow\" href=\"https:\/\/bashir.at\/?page_id=1294\">\n\t\t\t\t\t\t<span class=\"elementor-button-content-wrapper\">\n\t\t\t\t\t\t\t\t\t<span class=\"elementor-button-text\">Online Buchen<\/span>\n\t\t\t\t\t<\/span>\n\t\t\t\t\t<\/a>\n\t\t\t\t<\/div>\n\t\t\t\t\t\t\t\t<\/div>\n\t\t\t\t<\/div>\n\t\t\t\t\t<\/div>\n\t\t<\/div>\n\t\t\t\t\t<\/div>\n\t\t<\/section>\n\t\t\t\t<\/div>\n\t\t","protected":false},"excerpt":{"rendered":"<p>Herzlich Willkommen bei Familie Warraich Gastronomie &amp; Appartements Speisen f\u00fcr h\u00f6chste Anspr\u00fcche an Qualit\u00e4t und Genuss T\u00e4glich frische, geschmackvolle Speisen und schnelle K\u00fcche. Im Zentrum von Schladming und weniger als 5 Gehminuten von der Planai Talstation entfernt, befindet sich unsere Pizzeria-Restaurant AL Bashir KG mitten im Geschehen. Mit unserer Pakistani-Indisch-Italienischen K\u00fcche bieten wir eine gro\u00dfe [&hellip;]<\/p>\n","protected":false},"author":1,"featured_media":0,"parent":0,"menu_order":0,"comment_status":"closed","ping_status":"closed","template":"","meta":{"footnotes":""},"class_list":["post-9","page","type-page","status-publish","hentry"],"yoast_head":"<!-- This site is optimized with the Yoast SEO plugin v27.6 - https:\/\/yoast.com\/product\/yoast-seo-wordpress\/ -->\n<title>Pizzeria-Restaurant AL Bashir KG - AL Bashir KG<\/title>\n<meta name=\"robots\" content=\"index, follow, max-snippet:-1, max-image-preview:large, max-video-preview:-1\" \/>\n<link rel=\"canonical\" href=\"https:\/\/bashir.at\/\" \/>\n<meta property=\"og:locale\" content=\"de_DE\" \/>\n<meta property=\"og:type\" content=\"article\" \/>\n<meta property=\"og:title\" content=\"Pizzeria-Restaurant AL Bashir KG - AL Bashir KG\" \/>\n<meta property=\"og:description\" content=\"Herzlich Willkommen bei Familie Warraich Gastronomie &amp; Appartements Speisen f\u00fcr h\u00f6chste Anspr\u00fcche an Qualit\u00e4t und Genuss T\u00e4glich frische, geschmackvolle Speisen und schnelle K\u00fcche. Im Zentrum von Schladming und weniger als 5 Gehminuten von der Planai Talstation entfernt, befindet sich unsere Pizzeria-Restaurant AL Bashir KG mitten im Geschehen. Mit unserer Pakistani-Indisch-Italienischen K\u00fcche bieten wir eine gro\u00dfe [&hellip;]\" \/>\n<meta property=\"og:url\" content=\"https:\/\/bashir.at\/\" \/>\n<meta property=\"og:site_name\" content=\"AL Bashir KG\" \/>\n<meta property=\"article:modified_time\" content=\"2026-05-02T10:19:43+00:00\" \/>\n<meta name=\"twitter:card\" content=\"summary_large_image\" \/>\n<meta name=\"twitter:label1\" content=\"Gesch\u00e4tzte Lesezeit\" \/>\n\t<meta name=\"twitter:data1\" content=\"2\u00a0Minuten\" \/>\n<script type=\"application\/ld+json\" class=\"yoast-schema-graph\">{\"@context\":\"https:\\\/\\\/schema.org\",\"@graph\":[{\"@type\":\"WebPage\",\"@id\":\"https:\\\/\\\/bashir.at\\\/\",\"url\":\"https:\\\/\\\/bashir.at\\\/\",\"name\":\"Pizzeria-Restaurant AL Bashir KG - AL Bashir KG\",\"isPartOf\":{\"@id\":\"https:\\\/\\\/bashir.at\\\/#website\"},\"datePublished\":\"2023-05-05T09:10:46+00:00\",\"dateModified\":\"2026-05-02T10:19:43+00:00\",\"breadcrumb\":{\"@id\":\"https:\\\/\\\/bashir.at\\\/#breadcrumb\"},\"inLanguage\":\"de\",\"potentialAction\":[{\"@type\":\"ReadAction\",\"target\":[\"https:\\\/\\\/bashir.at\\\/\"]}]},{\"@type\":\"BreadcrumbList\",\"@id\":\"https:\\\/\\\/bashir.at\\\/#breadcrumb\",\"itemListElement\":[{\"@type\":\"ListItem\",\"position\":1,\"name\":\"Startseite\",\"item\":\"https:\\\/\\\/bashir.at\\\/\"},{\"@type\":\"ListItem\",\"position\":2,\"name\":\"Pizzeria-Restaurant AL Bashir KG\"}]},{\"@type\":\"WebSite\",\"@id\":\"https:\\\/\\\/bashir.at\\\/#website\",\"url\":\"https:\\\/\\\/bashir.at\\\/\",\"name\":\"AL Bashir KG\",\"description\":\"\",\"potentialAction\":[{\"@type\":\"SearchAction\",\"target\":{\"@type\":\"EntryPoint\",\"urlTemplate\":\"https:\\\/\\\/bashir.at\\\/?s={search_term_string}\"},\"query-input\":{\"@type\":\"PropertyValueSpecification\",\"valueRequired\":true,\"valueName\":\"search_term_string\"}}],\"inLanguage\":\"de\"}]}<\/script>\n<!-- \/ Yoast SEO plugin. -->","yoast_head_json":{"title":"Pizzeria-Restaurant AL Bashir KG - AL Bashir KG","robots":{"index":"index","follow":"follow","max-snippet":"max-snippet:-1","max-image-preview":"max-image-preview:large","max-video-preview":"max-video-preview:-1"},"canonical":"https:\/\/bashir.at\/","og_locale":"de_DE","og_type":"article","og_title":"Pizzeria-Restaurant AL Bashir KG - AL Bashir KG","og_description":"Herzlich Willkommen bei Familie Warraich Gastronomie &amp; Appartements Speisen f\u00fcr h\u00f6chste Anspr\u00fcche an Qualit\u00e4t und Genuss T\u00e4glich frische, geschmackvolle Speisen und schnelle K\u00fcche. Im Zentrum von Schladming und weniger als 5 Gehminuten von der Planai Talstation entfernt, befindet sich unsere Pizzeria-Restaurant AL Bashir KG mitten im Geschehen. Mit unserer Pakistani-Indisch-Italienischen K\u00fcche bieten wir eine gro\u00dfe [&hellip;]","og_url":"https:\/\/bashir.at\/","og_site_name":"AL Bashir KG","article_modified_time":"2026-05-02T10:19:43+00:00","twitter_card":"summary_large_image","twitter_misc":{"Gesch\u00e4tzte Lesezeit":"2\u00a0Minuten"},"schema":{"@context":"https:\/\/schema.org","@graph":[{"@type":"WebPage","@id":"https:\/\/bashir.at\/","url":"https:\/\/bashir.at\/","name":"Pizzeria-Restaurant AL Bashir KG - AL Bashir KG","isPartOf":{"@id":"https:\/\/bashir.at\/#website"},"datePublished":"2023-05-05T09:10:46+00:00","dateModified":"2026-05-02T10:19:43+00:00","breadcrumb":{"@id":"https:\/\/bashir.at\/#breadcrumb"},"inLanguage":"de","potentialAction":[{"@type":"ReadAction","target":["https:\/\/bashir.at\/"]}]},{"@type":"BreadcrumbList","@id":"https:\/\/bashir.at\/#breadcrumb","itemListElement":[{"@type":"ListItem","position":1,"name":"Startseite","item":"https:\/\/bashir.at\/"},{"@type":"ListItem","position":2,"name":"Pizzeria-Restaurant AL Bashir KG"}]},{"@type":"WebSite","@id":"https:\/\/bashir.at\/#website","url":"https:\/\/bashir.at\/","name":"AL Bashir KG","description":"","potentialAction":[{"@type":"SearchAction","target":{"@type":"EntryPoint","urlTemplate":"https:\/\/bashir.at\/?s={search_term_string}"},"query-input":{"@type":"PropertyValueSpecification","valueRequired":true,"valueName":"search_term_string"}}],"inLanguage":"de"}]}},"_links":{"self":[{"href":"https:\/\/bashir.at\/index.php?rest_route=\/wp\/v2\/pages\/9","targetHints":{"allow":["GET"]}}],"collection":[{"href":"https:\/\/bashir.at\/index.php?rest_route=\/wp\/v2\/pages"}],"about":[{"href":"https:\/\/bashir.at\/index.php?rest_route=\/wp\/v2\/types\/page"}],"author":[{"embeddable":true,"href":"https:\/\/bashir.at\/index.php?rest_route=\/wp\/v2\/users\/1"}],"replies":[{"embeddable":true,"href":"https:\/\/bashir.at\/index.php?rest_route=%2Fwp%2Fv2%2Fcomments&post=9"}],"version-history":[{"count":238,"href":"https:\/\/bashir.at\/index.php?rest_route=\/wp\/v2\/pages\/9\/revisions"}],"predecessor-version":[{"id":1724,"href":"https:\/\/bashir.at\/index.php?rest_route=\/wp\/v2\/pages\/9\/revisions\/1724"}],"wp:attachment":[{"href":"https:\/\/bashir.at\/index.php?rest_route=%2Fwp%2Fv2%2Fmedia&parent=9"}],"curies":[{"name":"wp","href":"https:\/\/api.w.org\/{rel}","templated":true}]}}